{"id":1209,"date":"2026-02-11T13:15:22","date_gmt":"2026-02-11T12:15:22","guid":{"rendered":"https:\/\/chateau-de-sermizelles.com\/?page_id=1209"},"modified":"2026-02-11T15:24:59","modified_gmt":"2026-02-11T14:24:59","slug":"mentions-legales","status":"publish","type":"page","link":"https:\/\/chateau-de-sermizelles.com\/en\/mentions-legales\/","title":{"rendered":"mentions l\u00e9gales"},"content":{"rendered":"<p>[et_pb_section fb_built=\u00a0\u00bb1&Prime; _builder_version=\u00a0\u00bb4.27.4&Prime; _module_preset=\u00a0\u00bbdefault\u00a0\u00bb global_colors_info=\u00a0\u00bb{}\u00a0\u00bb][et_pb_row column_structure=\u00a0\u00bb1_2,1_2&Prime; _builder_version=\u00a0\u00bb4.27.4&Prime; _module_preset=\u00a0\u00bbdefault\u00a0\u00bb global_colors_info=\u00a0\u00bb{}\u00a0\u00bb][et_pb_column type=\u00a0\u00bb1_2&Prime; _builder_version=\u00a0\u00bb4.27.4&Prime; _module_preset=\u00a0\u00bbdefault\u00a0\u00bb global_colors_info=\u00a0\u00bb{}\u00a0\u00bb][et_pb_image src=\u00a0\u00bbhttps:\/\/chateau-de-sermizelles.com\/wp-content\/uploads\/2026\/02\/Lou250619-340.jpg\u00a0\u00bb title_text=\u00a0\u00bbLou250619&#8211;340&Prime; _builder_version=\u00a0\u00bb4.27.4&Prime; _module_preset=\u00a0\u00bbdefault\u00a0\u00bb global_colors_info=\u00a0\u00bb{}\u00a0\u00bb][\/et_pb_image][\/et_pb_column][et_pb_column type=\u00a0\u00bb1_2&Prime; _builder_version=\u00a0\u00bb4.27.4&Prime; _module_preset=\u00a0\u00bbdefault\u00a0\u00bb global_colors_info=\u00a0\u00bb{}\u00a0\u00bb][et_pb_text _builder_version=\u00a0\u00bb4.27.4&Prime; _module_preset=\u00a0\u00bbdefault\u00a0\u00bb global_colors_info=\u00a0\u00bb{}\u00a0\u00bb]<\/p>\n<h1>MENTIONS LEGALES<\/h1>\n<p>&nbsp;<\/p>\n<p>1) \u00c9DITEUR DU SITE :\u00a0\u00a0<br \/>D\u00e9nomination sociale : \u00a0SERMILOC sarl<\/p>\n<p>Capital social : 10.000 \u20ac<br \/>Si\u00e8ge social : 3 grande rue &#8211; 89200 Sermizelles<br \/>Immatriculation : RCS AUXERRE 919247841<\/p>\n<p>T\u00e9l\u00e9phone : + 33 6 11 07 59 22<br \/>E-mail : reservations@chateausermizelles.fr<\/p>\n<p>2) DIRECTEUR DE LA PUBLICATION<br \/>Francois-Michel ADLER<\/p>\n<p>3) H\u00c9BERGEUR<br \/>OVH<\/p>\n<p>4) PROPRI\u00c9T\u00c9 INTELLECTUELLE<br \/>Le site et chacun des \u00e9l\u00e9ments qui le composent (textes, images, photographies, logos, etc.) sont prot\u00e9g\u00e9s par le droit de la propri\u00e9t\u00e9 intellectuelle.<br \/>Toute reproduction, repr\u00e9sentation, modification, publication, adaptation, totale ou partielle, est interdite sauf autorisation \u00e9crite pr\u00e9alable.<\/p>\n<p>Cr\u00e9dits photos \/ contenus (si applicable) : [cr\u00e9dits \/ auteurs \/ banques d\u2019images].<\/p>\n<p>5) RESPONSABILIT\u00c9<br \/>L\u2019\u00e9diteur s\u2019efforce d\u2019assurer l\u2019exactitude et la mise \u00e0 jour des informations diffus\u00e9es sur le site. Il se r\u00e9serve le droit d\u2019en corriger le contenu \u00e0 tout moment.<br \/>L\u2019\u00e9diteur ne peut \u00eatre tenu responsable des dommages directs ou indirects li\u00e9s \u00e0 l\u2019utilisation du site.<\/p>\n<p>6) DONN\u00c9ES PERSONNELLES<br \/>Nous conservons vos mails , t\u00e9l\u00e9phone, noms\u00a0 communiqu\u00e9s par les formulaires de demande de renseignements ou devis.<\/p>\n<p>7) COOKIES<br \/>Le site peut utiliser des cookies\/traceurs, commun a WordPress<\/p>\n<p>&nbsp;<\/p>\n<p>[\/et_pb_text][\/et_pb_column][\/et_pb_row][\/et_pb_section]<\/p>","protected":false},"excerpt":{"rendered":"<p>MENTIONS LEGALES &nbsp; 1) \u00c9DITEUR DU SITE :\u00a0\u00a0D\u00e9nomination sociale : \u00a0SERMILOC sarl Capital social : 10.000 \u20acSi\u00e8ge social : 3 grande rue &#8211; 89200 SermizellesImmatriculation : RCS AUXERRE 919247841 T\u00e9l\u00e9phone : + 33 6 11 07 59 22E-mail : reservations@chateausermizelles.fr 2) DIRECTEUR DE LA PUBLICATIONFrancois-Michel ADLER 3) H\u00c9BERGEUROVH 4) PROPRI\u00c9T\u00c9 INTELLECTUELLELe site et chacun des [&hellip;]<\/p>","protected":false},"author":1,"featured_media":0,"parent":0,"menu_order":0,"comment_status":"closed","ping_status":"closed","template":"","meta":{"_et_pb_use_builder":"on","_et_pb_old_content":"","_et_gb_content_width":"","footnotes":""},"class_list":["post-1209","page","type-page","status-publish","hentry"],"_links":{"self":[{"href":"https:\/\/chateau-de-sermizelles.com\/en\/wp-json\/wp\/v2\/pages\/1209","targetHints":{"allow":["GET"]}}],"collection":[{"href":"https:\/\/chateau-de-sermizelles.com\/en\/wp-json\/wp\/v2\/pages"}],"about":[{"href":"https:\/\/chateau-de-sermizelles.com\/en\/wp-json\/wp\/v2\/types\/page"}],"author":[{"embeddable":true,"href":"https:\/\/chateau-de-sermizelles.com\/en\/wp-json\/wp\/v2\/users\/1"}],"replies":[{"embeddable":true,"href":"https:\/\/chateau-de-sermizelles.com\/en\/wp-json\/wp\/v2\/comments?post=1209"}],"version-history":[{"count":4,"href":"https:\/\/chateau-de-sermizelles.com\/en\/wp-json\/wp\/v2\/pages\/1209\/revisions"}],"predecessor-version":[{"id":1222,"href":"https:\/\/chateau-de-sermizelles.com\/en\/wp-json\/wp\/v2\/pages\/1209\/revisions\/1222"}],"wp:attachment":[{"href":"https:\/\/chateau-de-sermizelles.com\/en\/wp-json\/wp\/v2\/media?parent=1209"}],"curies":[{"name":"wp","href":"https:\/\/api.w.org\/{rel}","templated":true}]}}